{"id":511,"date":"2025-08-15T13:10:08","date_gmt":"2025-08-15T12:10:08","guid":{"rendered":"https:\/\/joannanyboe.dk\/?page_id=511"},"modified":"2025-12-15T12:30:04","modified_gmt":"2025-12-15T11:30:04","slug":"data","status":"publish","type":"page","link":"https:\/\/joannanyboe.dk\/pl\/data\/","title":{"rendered":"Data"},"content":{"rendered":"<div data-elementor-type=\"wp-page\" data-elementor-id=\"511\" class=\"elementor elementor-511\">\n\t\t\t\t\t\t<section class=\"elementor-section elementor-top-section elementor-element elementor-element-18fc08c0 elementor-section-boxed elementor-section-height-default elementor-section-height-default\" data-id=\"18fc08c0\" data-element_type=\"section\" data-e-type=\"section\">\n\t\t\t\t\t\t<div class=\"elementor-container elementor-column-gap-no\">\n\t\t\t\t\t<div class=\"elementor-column elementor-col-100 elementor-top-column elementor-element elementor-element-63ca3520\" data-id=\"63ca3520\" data-element_type=\"column\" data-e-type=\"column\">\n\t\t\t<div class=\"elementor-widget-wrap elementor-element-populated\">\n\t\t\t\t\t\t<div class=\"elementor-element elementor-element-211be052 elementor-widget elementor-widget-heading\" data-id=\"211be052\" data-element_type=\"widget\" data-e-type=\"widget\" data-widget_type=\"heading.default\">\n\t\t\t\t<div class=\"elementor-widget-container\">\n\t\t\t\t\t<h1 class=\"elementor-heading-title elementor-size-default\">Polityka prywatno\u015bci i cookies<\/h1>\t\t\t\t<\/div>\n\t\t\t\t<\/div>\n\t\t\t\t\t<\/div>\n\t\t<\/div>\n\t\t\t\t\t<\/div>\n\t\t<\/section>\n\t\t\t\t<section class=\"elementor-section elementor-top-section elementor-element elementor-element-3b7dba6a elementor-section-boxed elementor-section-height-default elementor-section-height-default\" data-id=\"3b7dba6a\" data-element_type=\"section\" data-e-type=\"section\">\n\t\t\t\t\t\t\t<div class=\"elementor-background-overlay\"><\/div>\n\t\t\t\t\t\t\t<div class=\"elementor-container elementor-column-gap-no\">\n\t\t\t\t\t<div class=\"elementor-column elementor-col-100 elementor-top-column elementor-element elementor-element-56ca2eaa\" data-id=\"56ca2eaa\" data-element_type=\"column\" data-e-type=\"column\">\n\t\t\t<div class=\"elementor-widget-wrap elementor-element-populated\">\n\t\t\t\t\t\t<div class=\"elementor-element elementor-element-45449aa elementor-drop-cap-yes elementor-drop-cap-view-default elementor-widget elementor-widget-text-editor\" data-id=\"45449aa\" data-element_type=\"widget\" data-e-type=\"widget\" data-settings=\"{&quot;drop_cap&quot;:&quot;yes&quot;}\" data-widget_type=\"text-editor.default\">\n\t\t\t\t<div class=\"elementor-widget-container\">\n\t\t\t\t\t\t\t\t\t<p class=\"western\" lang=\"da-DK\" align=\"justify\"><span style=\"font-family: Liberation Sans, sans-serif;\"><span style=\"font-size: medium;\"><b>Przetwarzanie danych osobowych<\/b><\/span><\/span><\/p><p class=\"western\" lang=\"da-DK\" align=\"justify\"><span style=\"font-family: Liberation Sans, sans-serif;\"><span style=\"font-size: medium;\">Jestem zobowi\u0105zana do zbierania i przetwarzania szeregu danych osobowych w zwi\u0105zku z prowadzeniem terapii pacjenta\/klienta (terminy u\u017cywane zamiennie), zgodnie z Ustaw\u0105 o zawodzie psychologa z 2018 roku wraz z rozporz\u0105dzeniami wykonawczymi (Psykologloven og Bekendtg\u00f8relse om ordnede optegnelser for psykologer). Jestem tak\u017ce administratorem danych osobowych.<\/span><\/span><\/p><p class=\"western\" lang=\"da-DK\" align=\"justify\"><span style=\"font-family: Liberation Sans, sans-serif;\"><span style=\"font-size: medium;\">Niniejsza polityka prywatno\u015bci opisuje, w jaki spos\u00f3b przetwarzam dane osobowe oraz kiedy jestem zmuszona je ujawni\u0107. <\/span><\/span><\/p><p class=\"western\" lang=\"da-DK\" align=\"justify\"><span style=\"font-family: Liberation Sans, sans-serif;\"><span style=\"font-size: medium;\"><b>Rodzaje danych osobpowych <\/b><\/span><\/span><\/p><p class=\"western\" lang=\"da-DK\" align=\"justify\"><span style=\"font-family: Liberation Sans, sans-serif;\"><span style=\"font-size: medium;\">Psykolog Joanna Nyboe zbiera i przetwarza nast\u0119puj\u0105ce rodzaje danych osobowych w brzmieniu jakie poda\u0142 klient,<\/span><span style=\"font-size: medium;\"> og som <\/span><span style=\"font-size: medium;\">w celu prowadzenia terapii:<\/span><span style=\"font-size: medium;\">):<\/span><\/span><\/p><p class=\"western\" lang=\"da-DK\" align=\"justify\"><span style=\"font-family: Liberation Sans, sans-serif;\"><span style=\"font-size: medium;\"><i>Og\u00f3lne kategorie danych osobowych: <\/i><\/span><\/span><\/p><ul><li><p lang=\"da-DK\" align=\"justify\"><span style=\"font-family: Liberation Sans, sans-serif;\"><span style=\"font-size: medium;\">Imi\u0119, nazwisko, adres, adres e-mail, numer telefonu, p\u0142e\u0107<\/span><\/span><\/p><\/li><li><p lang=\"da-DK\" align=\"justify\"><span style=\"font-family: Liberation Sans, sans-serif;\"><span style=\"font-size: medium;\">Relacje rodzinne i spo\u0142eczne, relacje zawodowe oraz wykszta\u0142cenie<\/span><\/span><\/p><\/li><\/ul><p class=\"western\" lang=\"da-DK\" align=\"justify\"><span style=\"font-family: Liberation Sans, sans-serif;\"><span style=\"font-size: medium;\"><i>Szczeg\u00f3lne kategorie danych osobowych (\"dane wra\u017cliwe\"): <\/i><\/span><\/span><\/p><ul><li><p lang=\"da-DK\" align=\"justify\"><span style=\"font-family: Liberation Sans, sans-serif;\"><span style=\"font-size: medium;\">Informacje o stanie zdrowia<\/span><\/span><\/p><\/li><\/ul><p class=\"western\" lang=\"da-DK\" align=\"justify\"><span style=\"font-family: Liberation Sans, sans-serif;\"><span style=\"font-size: medium;\"><b>Cel<\/b><\/span><\/span><\/p><p class=\"western\" lang=\"da-DK\" align=\"justify\"><span style=\"font-family: Liberation Sans, sans-serif;\"><span style=\"font-size: medium;\">Przetwarzam dane osobowe w nast\u0119puj\u0105cych celach:<\/span><\/span><\/p><ul><li><p lang=\"da-DK\" align=\"justify\"><span style=\"font-family: Liberation Sans, sans-serif;\"><span style=\"font-size: medium;\">Terapia\/ leczenie (terminy u\u017cywane zamiennie)<\/span><\/span><\/p><\/li><li><p lang=\"da-DK\" align=\"justify\"><span style=\"font-family: Liberation Sans, sans-serif;\"><span style=\"font-size: medium;\">Przygotowywanie za\u015bwiadcze\u0144 dla organ\u00f3w, firm ubezpieczeniowych itp.<\/span><\/span><\/p><\/li><li><p lang=\"da-DK\" align=\"justify\"><span style=\"font-family: Liberation Sans, sans-serif;\"><span style=\"font-size: medium;\">Cele rozliczeniowe<\/span><\/span><\/p><\/li><\/ul><ul><li><p lang=\"da-DK\" align=\"justify\"><span style=\"font-family: Liberation Sans, sans-serif;\"><span style=\"font-size: medium;\">Spe\u0142nianie obowi\u0105zk\u00f3w wynikaj\u0105cych z obowi\u0105zuj\u0105cego prawa, w tym z Rozporz\u0105dzenia RODO, Ustawy o ochronie danych osobowych oraz innych istotnych ustaw zdrowotnych, np.:<\/span><\/span><\/p><ul><li><p lang=\"da-DK\" align=\"justify\"><span style=\"font-family: Liberation Sans, sans-serif;\"><span style=\"font-size: medium;\">Obowi\u0105zek przechowywania dokumentacji<\/span><\/span><\/p><\/li><li><p lang=\"da-DK\" align=\"justify\"><span style=\"font-family: Liberation Sans, sans-serif;\"><span style=\"font-size: medium;\">Przestrzeganie podstawowych zasad przetwarzania danych osobowych i podstaw prawnych przetwarzania <\/span><\/span><\/p><\/li><li><p lang=\"da-DK\" align=\"justify\"><span style=\"font-family: Liberation Sans, sans-serif;\"><span style=\"font-size: medium;\">Wdra\u017canie i utrzymanie technicznych i organizacyjnych \u015brodk\u00f3w bezpiecze\u0144stwa, w tym m.in. zapobieganie nieuprawnionemu dost\u0119powi do system\u00f3w i informacji, zapobieganie odbiorowi lub rozpowszechnianiu z\u0142o\u015bliwego kodu, zatrzymanie atak\u00f3w typu denial-of-service, oraz uszkodze\u0144 system\u00f3w komputerowych i system\u00f3w komunikacji elektronicznej <\/span><\/span><\/p><\/li><li><p lang=\"da-DK\" align=\"justify\"><span style=\"font-family: Liberation Sans, sans-serif;\"><span style=\"font-size: medium;\">Badanie podejrze\u0144 lub wiedzy o naruszeniach bezpiecze\u0144stwa i zg\u0142aszanie ich osobom i organom<\/span><\/span><\/p><\/li><li><p lang=\"da-DK\" align=\"justify\"><span style=\"font-family: Liberation Sans, sans-serif;\"><span style=\"font-size: medium;\">Obs\u0142uga zapyta\u0144 i skarg od os\u00f3b, zarejestrowanych b\u0105d\u017a nie<\/span><\/span><\/p><\/li><li><p lang=\"da-DK\" align=\"justify\"><span style=\"font-family: Liberation Sans, sans-serif;\"><span style=\"font-size: medium;\">Obs\u0142uga inspekcji i zapyta\u0144 od organ\u00f3w nadzorczych<\/span><\/span><\/p><\/li><li><p lang=\"da-DK\" align=\"justify\"><span style=\"font-family: Liberation Sans, sans-serif;\"><span style=\"font-size: medium;\">Rozpatrywanie spor\u00f3w z zarejestrowanymi osobami i stronami trzecimi<\/span><\/span><\/p><\/li><\/ul><\/li><\/ul><p class=\"western\" lang=\"da-DK\" align=\"justify\"><span style=\"font-family: Liberation Sans, sans-serif;\"><span style=\"font-size: medium;\"><b>Dobowolno\u015b\u0107<\/b><\/span><\/span><\/p><p class=\"western\" lang=\"da-DK\" align=\"justify\"><span style=\"font-family: Liberation Sans, sans-serif;\"><span style=\"font-size: medium;\">Podanie danych osobowych jest dobrowolne. Konsekwencj\u0105 niepodania danych mo\u017ce by\u0107 brak mo\u017cliwo\u015bci realizacji powy\u017cszych cel\u00f3w, w tym brak mo\u017cliwo\u015bci leczenia.<\/span><\/span><\/p><p class=\"western\" lang=\"da-DK\" align=\"justify\"><span style=\"font-family: Liberation Sans, sans-serif;\"><span style=\"font-size: medium;\"><b>Ujawnianie danych osobowych<\/b><\/span><\/span><\/p><p class=\"western\" lang=\"da-DK\" align=\"justify\"><span style=\"font-family: Liberation Sans, sans-serif;\"><span style=\"font-size: medium;\">W zakresie koniecznym dla konkretnego pacjenta\/ klienta, dane osobowe mog\u0105 zosta\u0107 ujawniane i udost\u0119pniane nast\u0119puj\u0105cym odbiorcom:<\/span><\/span><\/p><ul><li><p lang=\"da-DK\" align=\"justify\"><span style=\"font-family: Liberation Sans, sans-serif;\"><span style=\"font-size: medium;\">Informacje mog\u0105 by\u0107 ujawnione Rzecznikowi Praw Pacjenta (Styrelsen for Patientsikkerhed), Radzie Praktyki Psychologicznej (Psykologn\u00e6vnet) oraz w zwi\u0105zku z ubezpieczeniem pracownik\u00f3w (Arbejdsmarkedets Erhvervssikring), w wymaganym zakresie, zgodnie z obowi\u0105zuj\u0105cym prawem.<\/span><\/span><\/p><\/li><li><p lang=\"da-DK\" align=\"justify\"><span style=\"font-family: Liberation Sans, sans-serif;\"><span style=\"font-size: medium;\">Jako pacjent masz dost\u0119p do w\u0142asnych danych (prawo wgl\u0105du).<\/span><\/span><\/p><\/li><\/ul><p class=\"western\" lang=\"da-DK\" align=\"justify\"><span style=\"font-family: Liberation Sans, sans-serif;\"><span style=\"font-size: medium;\">Podstawa prawna zbierania, przetwarzania i ujawniania danych <\/span><\/span><\/p><ul><li><p lang=\"da-DK\" align=\"justify\"><span style=\"font-family: Liberation Sans, sans-serif;\"><span style=\"font-size: medium;\">Do cel\u00f3w leczenia zbiera si\u0119, przetwarza i ujawnia zwyk\u0142e dane osobowe zgodnie z Artyku\u0142ami 6(1)(c) i (d) RODO, a dane wra\u017cliwe zgodnie z Artyku\u0142ami 9(2)(c) i (h). <\/span><\/span><\/p><\/li><li><p lang=\"da-DK\" align=\"justify\"><span style=\"font-family: Liberation Sans, sans-serif;\"><span style=\"font-size: medium;\">Dodatkowo, jeste\u015bmy zobowi\u0105zani do przetwarzania niekt\u00f3rych danych osobowych podczas regularnego leczenia zgodnie z Ustaw\u0105 o zawodzie psychologa i Rozporz\u0105dzeniem o obowi\u0105zku prowadzenia uporz\u0105dkowanych ewidencji przez psycholog\u00f3w.<\/span><\/span><\/p><\/li><\/ul><ul><li><p lang=\"da-DK\" align=\"justify\"><span style=\"font-family: Liberation Sans, sans-serif;\"><span style=\"font-size: medium;\">Informacje do cel\u00f3w rozliczeniowych za leczenie s\u0105 wysy\u0142ane raz w miesi\u0105cu do regionalnego biura rozlicze\u0144 zgodnie z zasadami Porozumienia o udzielaniupomocy psychologicznej z lipca 2016. <\/span><\/span><\/p><\/li><\/ul><ul><li><p lang=\"da-DK\" align=\"justify\"><span style=\"font-family: Liberation Sans, sans-serif;\"><span style=\"font-size: medium;\">Dane osobowe s\u0105 ujawniane wy\u0142\u0105cznie firmom ubezpieczeniowym po wyra\u017ceniu zgody przez pacjenta\/ klienta, zgodnie z Artyku\u0142ami 6(1)(a) i 9(2)(a) RODO. <\/span><\/span><\/p><\/li><\/ul><p class=\"western\" lang=\"da-DK\" align=\"justify\"><span style=\"font-family: Liberation Sans, sans-serif;\"><span style=\"font-size: medium;\"><b>Wycofanie zgod<\/b><\/span><\/span><\/p><p class=\"western\" lang=\"da-DK\" align=\"justify\"><span style=\"font-family: Liberation Sans, sans-serif;\"><b> <\/b><span style=\"font-size: medium;\">Przetwarzanie danych osobowych jest dobrowolne. Klient mo\u017ce wycofa\u0107 zgod\u0119 na przetwarzanie danych osobowych.. Wycofanie zgody nie wp\u0142ywa na przetwarzanie, kt\u00f3re mia\u0142o miejsce przed jej wycofaniem, w tym na ujawnienia oparte na zgodzie wyra\u017conej wcze\u015bniej.<\/span><\/span><\/p><p class=\"western\" lang=\"da-DK\" align=\"justify\"><span style=\"font-family: Liberation Sans, sans-serif;\"><span style=\"font-size: medium;\"><b>U\u017cycie us\u0142ug zewn\u0119trznych<\/b><\/span><\/span><\/p><p class=\"western\" lang=\"da-DK\" align=\"justify\"><span style=\"font-family: Liberation Sans, sans-serif;\"><span style=\"font-size: medium;\">Dane osobowe s\u0105 przetwarzane i przechowywane przeze mnie na zewn\u0119trznym dysku twardym (offline) oraz na moim serwerze mailowym, przechowywanym w UE przez SEOHOST.<\/span><\/span><\/p><p class=\"western\" lang=\"da-DK\" align=\"justify\"><span style=\"font-family: Liberation Sans, sans-serif;\"><span style=\"font-size: medium;\">SEOHOST Sp. z o.o.<\/span><\/span><\/p><p class=\"western\" lang=\"da-DK\" align=\"left\"><span style=\"font-family: Liberation Sans, sans-serif;\"><span style=\"font-size: medium;\">ul. Obornicka 330 <br \/>60-689 Pozna\u0144<br \/>Polska<br \/>NIP: 9721323212 REGON: 520718284 KRS: 0000939910 <\/span><\/span><\/p><p class=\"western\" lang=\"da-DK\" align=\"justify\"><span style=\"font-family: Liberation Sans, sans-serif;\"><span style=\"font-size: medium;\"><b>Polityka przechowywania i usuwania danych<\/b><\/span><\/span><\/p><p class=\"western\" lang=\"da-DK\" align=\"justify\"><span style=\"font-family: Liberation Sans, sans-serif;\"><span style=\"font-size: medium;\">Przechowuj\u0119 dane osobowe tak d\u0142ugo, jak jest to konieczne do realizacji powy\u017cszych cel\u00f3w. Zgodnie z Rozporz\u0105dzeniem o  obowi\u0105zku prowadzenia uporz\u0105dkowanych ewidencji przez psycholog\u00f3w \u00a7 15, jestem zobowi\u0105zany do przechowywania ich przez co najmniej 5 lat od ostatniej wpisu do dokumentacji. W niekt\u00f3rych przypadkach konieczne mo\u017ce by\u0107 d\u0142u\u017csze przechowywanie, np. w przypadku skarg lub roszcze\u0144 odszkodowawczych, do czasu rozstrzygni\u0119cia sprawy.<\/span><\/span><\/p><p class=\"western\" lang=\"da-DK\" align=\"justify\"><span style=\"font-family: Liberation Sans, sans-serif;\"><span style=\"font-size: medium;\"><b>Prawa klienta korzystaj\u0105cego z pomocy psychologicznej<\/b><\/span><\/span><\/p><p class=\"western\" lang=\"da-DK\" align=\"justify\"><span style=\"font-family: Liberation Sans, sans-serif;\"><span style=\"font-size: medium;\">Klient ma \u2014 z zastrze\u017ceniem ogranicze\u0144 prawnych \u2014 okre\u015blone prawa, w tym prawo dost\u0119pu do danych, prawo do poprawiania b\u0142\u0119dnych danych, prawo do usuni\u0119cia danych, prawo do ograniczenia przetwarzania, prawo do przenoszenia danych i sprzeciwu wobec przetwarzania danych osobowych.<\/span><\/span><\/p><p class=\"western\" lang=\"da-DK\" align=\"justify\"><span style=\"font-family: Liberation Sans, sans-serif;\"><span style=\"font-size: medium;\">W zakresie prawa do usuni\u0119cia, prawo to jest ograniczone przez Rozporz\u0105dzenie o obowi\u0105zku prowadzenia uporz\u0105dkowanych ewidencji przez psycholog\u00f3w, kt\u00f3re stanowi, \u017ce nie mo\u017cna usuwa\u0107 danych z dokumentacji pacjent\u00f3w, a jedynie je korygowa\u0107 lub dodawa\u0107.<\/span><\/span><\/p><p class=\"western\" lang=\"da-DK\" align=\"justify\"><span style=\"font-family: Liberation Sans, sans-serif;\"><span style=\"font-size: medium;\">Klient ma tak\u017ce prawo z\u0142o\u017cy\u0107 skarg\u0119 do organu nadzorczego, w tym Datatilsynet.<\/span><\/span><\/p><p class=\"western\" lang=\"da-DK\" align=\"justify\"><strong><span style=\"font-family: Liberation Sans, sans-serif;\"><span style=\"font-size: medium;\">Tajemnica zawodowa<\/span><\/span><\/strong><\/p><p class=\"western\" lang=\"da-DK\" align=\"justify\"><span style=\"font-family: Liberation Sans, sans-serif;\"><span style=\"font-size: medium;\">Jako psycholog, jestem zobowi\u0105zana do zachowania tajemnicy zawodowej zgodnie z rozdzia\u0142em 9 Ustawy o zdrowiu, co oznacza, \u017ce informacje na temat klienta s\u0105 traktowane poufnie. W niekt\u00f3rych sytuacjach jestem jednak zobowi\u0105zana prawnie do naruszenia tajemnicy zawodowej. <\/span><\/span><\/p><p class=\"western\" lang=\"da-DK\" align=\"justify\"><span style=\"font-family: Liberation Sans, sans-serif;\"><span style=\"font-size: medium;\">Obowi\u0105zek ten dotyczy sytuacji, gdy dowiem si\u0119, \u017ce klient stwarza zagro\u017cenie dla siebie lub innych. W przypadku wezwania jako \u015bwiadek do s\u0105du, musz\u0119 si\u0119 stawi\u0107 i poinformowa\u0107 s\u0105d o moim obowi\u0105zku zachowania tajemnicy. Decyzja o tym, czy zeznawa\u0107, nale\u017cy do s\u0105du, zgodnie z Kodeksem post\u0119powania cywilnego \u00a7\u00a7 168 i 170.<\/span><\/span><\/p><p class=\"western\" lang=\"da-DK\" align=\"justify\"><span style=\"font-family: Liberation Sans, sans-serif;\"><span style=\"font-size: medium;\"><b>Cookies<\/b><\/span><\/span><\/p><p class=\"western\" lang=\"da-DK\" align=\"justify\"><span style=\"font-family: Liberation Sans, sans-serif;\"><span style=\"font-size: medium;\">https:\/\/joannanyboe.dk nie zbiera plik\u00f3w cookies. Pliki cookies mog\u0105 by\u0107 zbierane przez narz\u0119dzia zewn\u0119trzne u\u017cywane na stronie takie jak Google Maps.<\/span><\/span><\/p><p class=\"western\" lang=\"da-DK\" align=\"justify\"><span style=\"font-family: Liberation Sans, sans-serif;\"><span style=\"font-size: medium;\"><b>Kontakt<\/b><\/span><\/span><\/p><p class=\"western\" lang=\"da-DK\" align=\"justify\"><span style=\"font-family: Liberation Sans, sans-serif;\"><span style=\"font-size: medium;\">Je\u015bli masz pytania dotycz\u0105ce przetwarzania danych osobowych lub chcesz skorzysta\u0107 z przys\u0142uguj\u0105cych Ci praw, zapraszam do kontaktu.<\/span><\/span><\/p><p lang=\"da-DK\" align=\"justify\">Joanna Nyboe<br \/>Kirkebakkevej 8a<\/p><p lang=\"da-DK\" align=\"justify\">4190 Munke Bjergby<br \/>Danmark<br \/>+4560516578<br \/>kontakt@joannanyboe.dk<\/p><p class=\"western\" lang=\"da-DK\" align=\"justify\"><span style=\"font-family: Liberation Sans, sans-serif;\"><span style=\"font-size: medium;\">\u00a0<\/span><\/span><\/p><p class=\"western\" lang=\"da-DK\" align=\"justify\"><span style=\"font-family: Liberation Sans, sans-serif;\"><span style=\"font-size: medium;\">Data 18.8.2025<\/span><\/span><\/p>\t\t\t\t\t\t\t\t<\/div>\n\t\t\t\t<\/div>\n\t\t\t\t\t<\/div>\n\t\t<\/div>\n\t\t\t\t\t<\/div>\n\t\t<\/section>\n\t\t\t\t<\/div>","protected":false},"excerpt":{"rendered":"<p>Privatlivs- og cookies politik Behandling af dine oplysninger Jeg er i forbindelse med psykologisk behandling af dig, som dataansvarlig, forpligtet til at indsamle og behandle en r\u00e6kke personoplysninger om dig, jf. Psykologloven og Bekendtg\u00f8relse om ordnede optegnelser for psykologer. Denne privatlivspolitik beskriver, hvordan vi i den forbindelse, bruger og i nogle tilf\u00e6lde videregiver dine personoplysninger. [&hellip;]<\/p>\n","protected":false},"author":1,"featured_media":0,"parent":0,"menu_order":0,"comment_status":"closed","ping_status":"closed","template":"","meta":{"site-sidebar-layout":"no-sidebar","site-content-layout":"page-builder","ast-site-content-layout":"full-width-container","site-content-style":"unboxed","site-sidebar-style":"unboxed","ast-global-header-display":"","ast-banner-title-visibility":"","ast-main-header-display":"","ast-hfb-above-header-display":"","ast-hfb-below-header-display":"","ast-hfb-mobile-header-display":"","site-post-title":"disabled","ast-breadcrumbs-content":"","ast-featured-img":"","footer-sml-layout":"","ast-disable-related-posts":"","theme-transparent-header-meta":"disabled","adv-header-id-meta":"","stick-header-meta":"","header-above-stick-meta":"","header-main-stick-meta":"","header-below-stick-meta":"","astra-migrate-meta-layouts":"set","ast-page-background-enabled":"default","ast-page-background-meta":{"desktop":{"background-color":"","background-image":"","background-repeat":"repeat","background-position":"center center","background-size":"auto","background-attachment":"scroll","background-type":"","background-media":"","overlay-type":"","overlay-color":"","overlay-opacity":"","overlay-gradient":""},"tablet":{"background-color":"","background-image":"","background-repeat":"repeat","background-position":"center center","background-size":"auto","background-attachment":"scroll","background-type":"","background-media":"","overlay-type":"","overlay-color":"","overlay-opacity":"","overlay-gradient":""},"mobile":{"background-color":"","background-image":"","background-repeat":"repeat","background-position":"center center","background-size":"auto","background-attachment":"scroll","background-type":"","background-media":"","overlay-type":"","overlay-color":"","overlay-opacity":"","overlay-gradient":""}},"ast-content-background-meta":{"desktop":{"background-color":"var(--ast-global-color-5)","background-image":"","background-repeat":"repeat","background-position":"center center","background-size":"auto","background-attachment":"scroll","background-type":"","background-media":"","overlay-type":"","overlay-color":"","overlay-opacity":"","overlay-gradient":""},"tablet":{"background-color":"var(--ast-global-color-5)","background-image":"","background-repeat":"repeat","background-position":"center center","background-size":"auto","background-attachment":"scroll","background-type":"","background-media":"","overlay-type":"","overlay-color":"","overlay-opacity":"","overlay-gradient":""},"mobile":{"background-color":"var(--ast-global-color-5)","background-image":"","background-repeat":"repeat","background-position":"center center","background-size":"auto","background-attachment":"scroll","background-type":"","background-media":"","overlay-type":"","overlay-color":"","overlay-opacity":"","overlay-gradient":""}},"footnotes":""},"class_list":["post-511","page","type-page","status-publish","hentry"],"_links":{"self":[{"href":"https:\/\/joannanyboe.dk\/pl\/wp-json\/wp\/v2\/pages\/511","targetHints":{"allow":["GET"]}}],"collection":[{"href":"https:\/\/joannanyboe.dk\/pl\/wp-json\/wp\/v2\/pages"}],"about":[{"href":"https:\/\/joannanyboe.dk\/pl\/wp-json\/wp\/v2\/types\/page"}],"author":[{"embeddable":true,"href":"https:\/\/joannanyboe.dk\/pl\/wp-json\/wp\/v2\/users\/1"}],"replies":[{"embeddable":true,"href":"https:\/\/joannanyboe.dk\/pl\/wp-json\/wp\/v2\/comments?post=511"}],"version-history":[{"count":34,"href":"https:\/\/joannanyboe.dk\/pl\/wp-json\/wp\/v2\/pages\/511\/revisions"}],"predecessor-version":[{"id":1027,"href":"https:\/\/joannanyboe.dk\/pl\/wp-json\/wp\/v2\/pages\/511\/revisions\/1027"}],"wp:attachment":[{"href":"https:\/\/joannanyboe.dk\/pl\/wp-json\/wp\/v2\/media?parent=511"}],"curies":[{"name":"wp","href":"https:\/\/api.w.org\/{rel}","templated":true}]}}