{"id":61,"date":"2024-10-15T08:22:31","date_gmt":"2024-10-15T08:22:31","guid":{"rendered":"https:\/\/joannanyboe.dk\/?page_id=61"},"modified":"2025-12-15T12:36:51","modified_gmt":"2025-12-15T11:36:51","slug":"metoda","status":"publish","type":"page","link":"https:\/\/joannanyboe.dk\/en\/metoda\/","title":{"rendered":"My approach"},"content":{"rendered":"<div data-elementor-type=\"wp-page\" data-elementor-id=\"61\" class=\"elementor elementor-61\">\n\t\t\t\t\t\t<section class=\"elementor-section elementor-top-section elementor-element elementor-element-3b7dba6a elementor-section-boxed elementor-section-height-default elementor-section-height-default\" data-id=\"3b7dba6a\" data-element_type=\"section\" data-e-type=\"section\">\n\t\t\t\t\t\t\t<div class=\"elementor-background-overlay\"><\/div>\n\t\t\t\t\t\t\t<div class=\"elementor-container elementor-column-gap-no\">\n\t\t\t\t\t<div class=\"elementor-column elementor-col-100 elementor-top-column elementor-element elementor-element-56ca2eaa\" data-id=\"56ca2eaa\" data-element_type=\"column\" data-e-type=\"column\">\n\t\t\t<div class=\"elementor-widget-wrap elementor-element-populated\">\n\t\t\t\t\t\t<section class=\"elementor-section elementor-inner-section elementor-element elementor-element-5d9840d3 elementor-section-boxed elementor-section-height-default elementor-section-height-default\" data-id=\"5d9840d3\" data-element_type=\"section\" data-e-type=\"section\">\n\t\t\t\t\t\t<div class=\"elementor-container elementor-column-gap-no\">\n\t\t\t\t\t<div class=\"elementor-column elementor-col-100 elementor-inner-column elementor-element elementor-element-5417158\" data-id=\"5417158\" data-element_type=\"column\" data-e-type=\"column\">\n\t\t\t<div class=\"elementor-widget-wrap elementor-element-populated\">\n\t\t\t\t\t\t<div class=\"elementor-element elementor-element-37a1255 elementor-widget elementor-widget-text-editor\" data-id=\"37a1255\" data-element_type=\"widget\" data-e-type=\"widget\" data-widget_type=\"text-editor.default\">\n\t\t\t\t<div class=\"elementor-widget-container\">\n\t\t\t\t\t\t\t\t\t<p>\u00a0<\/p><p class=\"p1\">I work primarily within the framework of Solution-Focused Brief Therapy (SFBT), but I also draw on techniques from the Narrative Therapy and Cognitive-Behavioural Therapy (CBT).<\/p>\t\t\t\t\t\t\t\t<\/div>\n\t\t\t\t<\/div>\n\t\t\t\t<div class=\"elementor-element elementor-element-0fa2beb elementor-widget elementor-widget-image\" data-id=\"0fa2beb\" data-element_type=\"widget\" data-e-type=\"widget\" data-widget_type=\"image.default\">\n\t\t\t\t<div class=\"elementor-widget-container\">\n\t\t\t\t\t\t\t\t\t\t\t\t\t\t\t<img fetchpriority=\"high\" decoding=\"async\" width=\"1024\" height=\"683\" src=\"https:\/\/joannanyboe.dk\/wp-content\/uploads\/2025\/10\/terapi-i-naturskoent-landskab-1024x683.webp\" class=\"attachment-large size-large wp-image-625\" alt=\"Et smukt og fredfyldt landskab med tr\u00e6er og let t\u00e5ge, der skaber en beroligende atmosf\u00e6re.\" srcset=\"https:\/\/joannanyboe.dk\/wp-content\/uploads\/2025\/10\/terapi-i-naturskoent-landskab-1024x683.webp 1024w, https:\/\/joannanyboe.dk\/wp-content\/uploads\/2025\/10\/terapi-i-naturskoent-landskab-300x200.webp 300w, https:\/\/joannanyboe.dk\/wp-content\/uploads\/2025\/10\/terapi-i-naturskoent-landskab-768x512.webp 768w, https:\/\/joannanyboe.dk\/wp-content\/uploads\/2025\/10\/terapi-i-naturskoent-landskab-1536x1024.webp 1536w, https:\/\/joannanyboe.dk\/wp-content\/uploads\/2025\/10\/terapi-i-naturskoent-landskab-18x12.webp 18w, https:\/\/joannanyboe.dk\/wp-content\/uploads\/2025\/10\/terapi-i-naturskoent-landskab.webp 1920w\" sizes=\"(max-width: 1024px) 100vw, 1024px\" \/>\t\t\t\t\t\t\t\t\t\t\t\t\t\t\t<\/div>\n\t\t\t\t<\/div>\n\t\t\t\t<div class=\"elementor-element elementor-element-24a0b5f elementor-widget elementor-widget-icon-box\" data-id=\"24a0b5f\" data-element_type=\"widget\" data-e-type=\"widget\" data-widget_type=\"icon-box.default\">\n\t\t\t\t<div class=\"elementor-widget-container\">\n\t\t\t\t\t\t\t<div class=\"elementor-icon-box-wrapper\">\n\n\t\t\t\n\t\t\t\t\t\t<div class=\"elementor-icon-box-content\">\n\n\t\t\t\t\t\t\t\t\t<h5 class=\"elementor-icon-box-title\">\n\t\t\t\t\t\t<span  >\n\t\t\t\t\t\t\tSolution-Focused Brief Therapy (SFBT)\t\t\t\t\t\t<\/span>\n\t\t\t\t\t<\/h5>\n\t\t\t\t\n\t\t\t\t\n\t\t\t<\/div>\n\t\t\t\n\t\t<\/div>\n\t\t\t\t\t\t<\/div>\n\t\t\t\t<\/div>\n\t\t\t\t<div class=\"elementor-element elementor-element-9066024 elementor-widget elementor-widget-text-editor\" data-id=\"9066024\" data-element_type=\"widget\" data-e-type=\"widget\" data-widget_type=\"text-editor.default\">\n\t\t\t\t<div class=\"elementor-widget-container\">\n\t\t\t\t\t\t\t\t\t<p class=\"p1\">Solution-Focused Brief Therapy (SFBT) is an evidence-based therapeutic approach grounded in research on the effectiveness of talk therapy sessions. Its primary goal is to facilitate positive change in the clients' lives in the shortest possible time.<\/p><p class=\"p1\">To achieve this, the therapist focuses on the client\u2019s goals and expectations for therapy, actively involving them in the therapeutic process. While acknowledging and empathizing with the clients' pain, the therapist focuses on helping them understand their thoughts, feelings, and behaviours. Instead of delving into the problem or its causes, the emphasis is placed on the clients' desired future and exploring ways to move toward that vision. The past is seen not as a source of problems and suffering but as a source of knowledge about the clients' resources, skills, and valuable experiences, which will be useful in the therapeutic process. As a result, clients begin to see themselves as sufficiently competent to cope with their challenges, and new ways of thinking and behaving start to develop.<\/p><p class=\"p1\">The effectiveness of SFBT is based on three key principles. First, it is a form of therapy that focuses on specific, immediate actions taken by the client, with the assumption that these actions will lead to changes in the clients' life situation, and, consequently, in their feelings, interpretations, ways of thinking and behaving. Second, the client' active involvement in the therapeutic process ensures that they will take responsibility for each single step and begin a long-term process of improving their life situation. Third, constructing a preferred future and enriching it with useful information from the past helps to create new neural connections in the brain. During conversations about the preferred future and ways of achieving it, similar processes take place as if those issues were occurring in reality.<\/p><p class=\"p1\">SFBT has been successfully applied in the treatment of anxiety and depression, addiction, social phobia, eating disorders, self-destructive behaviours., behavioural disorders, tendency to use violence, and as a complementary therapy for psychiatrically treated disorders.<\/p>\t\t\t\t\t\t\t\t<\/div>\n\t\t\t\t<\/div>\n\t\t\t\t<div class=\"elementor-element elementor-element-ab252e8 elementor-widget elementor-widget-icon-box\" data-id=\"ab252e8\" data-element_type=\"widget\" data-e-type=\"widget\" data-widget_type=\"icon-box.default\">\n\t\t\t\t<div class=\"elementor-widget-container\">\n\t\t\t\t\t\t\t<div class=\"elementor-icon-box-wrapper\">\n\n\t\t\t\n\t\t\t\t\t\t<div class=\"elementor-icon-box-content\">\n\n\t\t\t\t\t\t\t\t\t<h5 class=\"elementor-icon-box-title\">\n\t\t\t\t\t\t<span  >\n\t\t\t\t\t\t\tNarrative Therapy  \t\t\t\t\t\t<\/span>\n\t\t\t\t\t<\/h5>\n\t\t\t\t\n\t\t\t\t\n\t\t\t<\/div>\n\t\t\t\n\t\t<\/div>\n\t\t\t\t\t\t<\/div>\n\t\t\t\t<\/div>\n\t\t\t\t<div class=\"elementor-element elementor-element-7fe5b59 elementor-widget elementor-widget-text-editor\" data-id=\"7fe5b59\" data-element_type=\"widget\" data-e-type=\"widget\" data-widget_type=\"text-editor.default\">\n\t\t\t\t<div class=\"elementor-widget-container\">\n\t\t\t\t\t\t\t\t\t<p class=\"p1\">Narrative Therapy is based on similar principles to solution-focused therapy, which however allows for a deeper therapeutic process. This approach assumes that the way we tell our experiences\u2014how we create a narrative\u2014affects our identity, emotions, and perception of reality. People, through the narrative they construct, i.e., the stories they tell about themselves, their lives, and experiences, create their own identity and define their place in the world. Changing this narrative can, therefore, lead to a shift in how one perceives both the world and oneself. During therapy, clients gains the opportunity to reframe their past and present in a way that gives them greater control over their life and helps in the search for meaning and purpose in their existence.\u00a0<\/p><p class=\"p1\">Narrative Therapy is particularly effective when working with individuals experiencing intense emotions, family problems, difficulty making decisions, or those going through an existential or identity crisis.<\/p>\t\t\t\t\t\t\t\t<\/div>\n\t\t\t\t<\/div>\n\t\t\t\t<div class=\"elementor-element elementor-element-83bd2d6 elementor-widget elementor-widget-icon-box\" data-id=\"83bd2d6\" data-element_type=\"widget\" data-e-type=\"widget\" data-widget_type=\"icon-box.default\">\n\t\t\t\t<div class=\"elementor-widget-container\">\n\t\t\t\t\t\t\t<div class=\"elementor-icon-box-wrapper\">\n\n\t\t\t\n\t\t\t\t\t\t<div class=\"elementor-icon-box-content\">\n\n\t\t\t\t\t\t\t\t\t<h5 class=\"elementor-icon-box-title\">\n\t\t\t\t\t\t<span  >\n\t\t\t\t\t\t\tCognitive-Behavioural Therapy (CBT)\t\t\t\t\t\t<\/span>\n\t\t\t\t\t<\/h5>\n\t\t\t\t\n\t\t\t\t\n\t\t\t<\/div>\n\t\t\t\n\t\t<\/div>\n\t\t\t\t\t\t<\/div>\n\t\t\t\t<\/div>\n\t\t\t\t<div class=\"elementor-element elementor-element-1c25e24 elementor-widget elementor-widget-text-editor\" data-id=\"1c25e24\" data-element_type=\"widget\" data-e-type=\"widget\" data-widget_type=\"text-editor.default\">\n\t\t\t\t<div class=\"elementor-widget-container\">\n\t\t\t\t\t\t\t\t\t<p class=\"p1 translation-block\">Cognitive Behavioural Therapy (CBT) is a problem-focused and action-oriented form of talk therapy which includes a number of evidence-based techniques and strategies. CBT aims to identify and change negative and harmful patterns of thought and behaviour which cause mental health problems. Clients gain understanding for the mechanisms behind the challenging thoughts, actions and feelings they are experiencing,while the therapist assists in finding and practising effective strategies to cope with those challenges and alleviate the symptoms.<\/p><p class=\"p1\">CBT was originally developed to treat depression, but it is also effective in treating various other disorders, including anxiety, substance use disorders, marital problems, ADHD, and eating disorders.<\/p>\t\t\t\t\t\t\t\t<\/div>\n\t\t\t\t<\/div>\n\t\t\t\t\t<\/div>\n\t\t<\/div>\n\t\t\t\t\t<\/div>\n\t\t<\/section>\n\t\t\t\t\t<\/div>\n\t\t<\/div>\n\t\t\t\t\t<\/div>\n\t\t<\/section>\n\t\t\t\t<\/div>","protected":false},"excerpt":{"rendered":"<p>\u00a0 Jeg arbejder prim\u00e6rt inden for rammerne af l\u00f8sningsfokuseret terapi (SFBT), men jeg bruger ogs\u00e5 teknikker fra narrativ terapi og kognitiv adf\u00e6rdsterapi (CBT). L\u00f8sningsfokuseret terapi (SFBT) L\u00f8sningsfokuseret terapi (SFBT) er en evidensbaseret terapeutisk tilgang, der er udviklet ud fra forskning i effektiviteten af de terapeutiske samtaler. Dens prim\u00e6re m\u00e5l er at facilitere en positiv forandring [&hellip;]<\/p>\n","protected":false},"author":1,"featured_media":0,"parent":0,"menu_order":0,"comment_status":"closed","ping_status":"closed","template":"","meta":{"site-sidebar-layout":"no-sidebar","site-content-layout":"page-builder","ast-site-content-layout":"full-width-container","site-content-style":"unboxed","site-sidebar-style":"unboxed","ast-global-header-display":"","ast-banner-title-visibility":"","ast-main-header-display":"","ast-hfb-above-header-display":"","ast-hfb-below-header-display":"","ast-hfb-mobile-header-display":"","site-post-title":"disabled","ast-breadcrumbs-content":"","ast-featured-img":"","footer-sml-layout":"","ast-disable-related-posts":"","theme-transparent-header-meta":"disabled","adv-header-id-meta":"","stick-header-meta":"","header-above-stick-meta":"","header-main-stick-meta":"","header-below-stick-meta":"","astra-migrate-meta-layouts":"set","ast-page-background-enabled":"default","ast-page-background-meta":{"desktop":{"background-color":"","background-image":"","background-repeat":"repeat","background-position":"center center","background-size":"auto","background-attachment":"scroll","background-type":"","background-media":"","overlay-type":"","overlay-color":"","overlay-opacity":"","overlay-gradient":""},"tablet":{"background-color":"","background-image":"","background-repeat":"repeat","background-position":"center center","background-size":"auto","background-attachment":"scroll","background-type":"","background-media":"","overlay-type":"","overlay-color":"","overlay-opacity":"","overlay-gradient":""},"mobile":{"background-color":"","background-image":"","background-repeat":"repeat","background-position":"center center","background-size":"auto","background-attachment":"scroll","background-type":"","background-media":"","overlay-type":"","overlay-color":"","overlay-opacity":"","overlay-gradient":""}},"ast-content-background-meta":{"desktop":{"background-color":"var(--ast-global-color-5)","background-image":"","background-repeat":"repeat","background-position":"center center","background-size":"auto","background-attachment":"scroll","background-type":"","background-media":"","overlay-type":"","overlay-color":"","overlay-opacity":"","overlay-gradient":""},"tablet":{"background-color":"var(--ast-global-color-5)","background-image":"","background-repeat":"repeat","background-position":"center center","background-size":"auto","background-attachment":"scroll","background-type":"","background-media":"","overlay-type":"","overlay-color":"","overlay-opacity":"","overlay-gradient":""},"mobile":{"background-color":"var(--ast-global-color-5)","background-image":"","background-repeat":"repeat","background-position":"center center","background-size":"auto","background-attachment":"scroll","background-type":"","background-media":"","overlay-type":"","overlay-color":"","overlay-opacity":"","overlay-gradient":""}},"footnotes":""},"class_list":["post-61","page","type-page","status-publish","hentry"],"_links":{"self":[{"href":"https:\/\/joannanyboe.dk\/en\/wp-json\/wp\/v2\/pages\/61","targetHints":{"allow":["GET"]}}],"collection":[{"href":"https:\/\/joannanyboe.dk\/en\/wp-json\/wp\/v2\/pages"}],"about":[{"href":"https:\/\/joannanyboe.dk\/en\/wp-json\/wp\/v2\/types\/page"}],"author":[{"embeddable":true,"href":"https:\/\/joannanyboe.dk\/en\/wp-json\/wp\/v2\/users\/1"}],"replies":[{"embeddable":true,"href":"https:\/\/joannanyboe.dk\/en\/wp-json\/wp\/v2\/comments?post=61"}],"version-history":[{"count":83,"href":"https:\/\/joannanyboe.dk\/en\/wp-json\/wp\/v2\/pages\/61\/revisions"}],"predecessor-version":[{"id":1030,"href":"https:\/\/joannanyboe.dk\/en\/wp-json\/wp\/v2\/pages\/61\/revisions\/1030"}],"wp:attachment":[{"href":"https:\/\/joannanyboe.dk\/en\/wp-json\/wp\/v2\/media?parent=61"}],"curies":[{"name":"wp","href":"https:\/\/api.w.org\/{rel}","templated":true}]}}