{"id":20,"date":"2024-10-11T07:21:29","date_gmt":"2024-10-11T07:21:29","guid":{"rendered":"https:\/\/joannanyboe.dk\/?page_id=20"},"modified":"2025-12-15T12:10:52","modified_gmt":"2025-12-15T11:10:52","slug":"o-mnie","status":"publish","type":"page","link":"https:\/\/joannanyboe.dk\/en\/o-mnie\/","title":{"rendered":"About me"},"content":{"rendered":"<div data-elementor-type=\"wp-page\" data-elementor-id=\"20\" class=\"elementor elementor-20\">\n\t\t\t\t\t\t<section class=\"elementor-section elementor-top-section elementor-element elementor-element-4fc6565c elementor-section-height-default elementor-section-content-bottom elementor-section-boxed elementor-section-height-default\" data-id=\"4fc6565c\" data-element_type=\"section\" data-e-type=\"section\" data-settings=\"{&quot;background_background&quot;:&quot;classic&quot;}\">\n\t\t\t\t\t\t\t<div class=\"elementor-background-overlay\"><\/div>\n\t\t\t\t\t\t\t<div class=\"elementor-container elementor-column-gap-no\">\n\t\t\t\t\t<div class=\"elementor-column elementor-col-50 elementor-inner-column elementor-element elementor-element-409f853d\" data-id=\"409f853d\" data-element_type=\"column\" data-e-type=\"column\" data-settings=\"{&quot;background_background&quot;:&quot;classic&quot;}\">\n\t\t\t<div class=\"elementor-widget-wrap elementor-element-populated\">\n\t\t\t\t\t\t<div class=\"elementor-element elementor-element-2b3c0ca9 elementor-widget__width-initial elementor-widget elementor-widget-image\" data-id=\"2b3c0ca9\" data-element_type=\"widget\" data-e-type=\"widget\" data-widget_type=\"image.default\">\n\t\t\t\t<div class=\"elementor-widget-container\">\n\t\t\t\t\t\t\t\t\t\t\t\t\t\t\t<img decoding=\"async\" src=\"https:\/\/joannanyboe.dk\/wp-content\/uploads\/2025\/10\/imoedekommende-psykolog-joanna-nyboe.webp\" title=\"Psykolog Joanna Nyboe.\" alt=\"Psykologen st\u00e5r i en lufthavn med rygs\u00e6k, smilende og klar til rejse.\" loading=\"lazy\" \/>\t\t\t\t\t\t\t\t\t\t\t\t\t\t\t<\/div>\n\t\t\t\t<\/div>\n\t\t\t\t\t<\/div>\n\t\t<\/div>\n\t\t\t\t<div class=\"elementor-column elementor-col-50 elementor-inner-column elementor-element elementor-element-77bc5667\" data-id=\"77bc5667\" data-element_type=\"column\" data-e-type=\"column\">\n\t\t\t<div class=\"elementor-widget-wrap elementor-element-populated\">\n\t\t\t\t\t\t<div class=\"elementor-element elementor-element-662b433f elementor-widget-mobile__width-initial elementor-widget elementor-widget-text-editor\" data-id=\"662b433f\" data-element_type=\"widget\" data-e-type=\"widget\" data-widget_type=\"text-editor.default\">\n\t\t\t\t<div class=\"elementor-widget-container\">\n\t\t\t\t\t\t\t\t\t<p class=\"translation-block\">I graduated with a master's degree in psychology from the University of Lodz (Poland) and in ethics from Link\u00f6ping University (Sweden). In addition, I have completed courses in Solution-Focused Brief Therapy, Narrative Therapy, Psychological First-Aid and Trauma Therapy. I am constantly Trying to expand my knowledge and to acquire new skills.\nI am a member of the Danish Psychological Association and the Polish Association of Solution-Focused Therapy Practitioners. \nAs a psychologist, I believe in the immense capabilities of human beings, their incredible strength and ability to find a way out of even very difficult situations. I want to support my clients in their search for a solution to their problems and help them discover their potential. I have at heart every persons uniqueness and their right to self-determination. Therefore, I always leave it up to the client to decide what he wants to share with me and to what extent.<\/p>\t\t\t\t\t\t\t\t<\/div>\n\t\t\t\t<\/div>\n\t\t\t\t\t<\/div>\n\t\t<\/div>\n\t\t\t\t\t<\/div>\n\t\t<\/section>\n\t\t\t\t<\/div>","protected":false},"excerpt":{"rendered":"<p>\u00a0Jeg har en kandidatgrad i psykologi fra University of Lodz (Polen) og i etik fra Link\u00f6pings Universitet (Sverige). Derudover har jeg gennemf\u00f8rt kurser i l\u00f8sningsfokuseret korttidsterapi, narrativ terapi, psykologisk f\u00f8rstehj\u00e6lp og traumeterapi. Jeg fors\u00f8ger hele tiden at udvide min viden og tilegne mig nye f\u00e6rdigheder.Jeg er medlem af Dansk Psykolog Forening og Polish Association of [&hellip;]<\/p>\n","protected":false},"author":1,"featured_media":0,"parent":0,"menu_order":0,"comment_status":"closed","ping_status":"closed","template":"","meta":{"site-sidebar-layout":"no-sidebar","site-content-layout":"page-builder","ast-site-content-layout":"full-width-container","site-content-style":"unboxed","site-sidebar-style":"unboxed","ast-global-header-display":"","ast-banner-title-visibility":"","ast-main-header-display":"","ast-hfb-above-header-display":"","ast-hfb-below-header-display":"","ast-hfb-mobile-header-display":"","site-post-title":"disabled","ast-breadcrumbs-content":"","ast-featured-img":"","footer-sml-layout":"","ast-disable-related-posts":"","theme-transparent-header-meta":"disabled","adv-header-id-meta":"","stick-header-meta":"","header-above-stick-meta":"","header-main-stick-meta":"","header-below-stick-meta":"","astra-migrate-meta-layouts":"set","ast-page-background-enabled":"default","ast-page-background-meta":{"desktop":{"background-color":"","background-image":"","background-repeat":"repeat","background-position":"center center","background-size":"auto","background-attachment":"scroll","background-type":"","background-media":"","overlay-type":"","overlay-color":"","overlay-opacity":"","overlay-gradient":""},"tablet":{"background-color":"","background-image":"","background-repeat":"repeat","background-position":"center center","background-size":"auto","background-attachment":"scroll","background-type":"","background-media":"","overlay-type":"","overlay-color":"","overlay-opacity":"","overlay-gradient":""},"mobile":{"background-color":"","background-image":"","background-repeat":"repeat","background-position":"center center","background-size":"auto","background-attachment":"scroll","background-type":"","background-media":"","overlay-type":"","overlay-color":"","overlay-opacity":"","overlay-gradient":""}},"ast-content-background-meta":{"desktop":{"background-color":"var(--ast-global-color-5)","background-image":"","background-repeat":"repeat","background-position":"center center","background-size":"auto","background-attachment":"scroll","background-type":"","background-media":"","overlay-type":"","overlay-color":"","overlay-opacity":"","overlay-gradient":""},"tablet":{"background-color":"var(--ast-global-color-5)","background-image":"","background-repeat":"repeat","background-position":"center center","background-size":"auto","background-attachment":"scroll","background-type":"","background-media":"","overlay-type":"","overlay-color":"","overlay-opacity":"","overlay-gradient":""},"mobile":{"background-color":"var(--ast-global-color-5)","background-image":"","background-repeat":"repeat","background-position":"center center","background-size":"auto","background-attachment":"scroll","background-type":"","background-media":"","overlay-type":"","overlay-color":"","overlay-opacity":"","overlay-gradient":""}},"footnotes":""},"class_list":["post-20","page","type-page","status-publish","hentry"],"_links":{"self":[{"href":"https:\/\/joannanyboe.dk\/en\/wp-json\/wp\/v2\/pages\/20","targetHints":{"allow":["GET"]}}],"collection":[{"href":"https:\/\/joannanyboe.dk\/en\/wp-json\/wp\/v2\/pages"}],"about":[{"href":"https:\/\/joannanyboe.dk\/en\/wp-json\/wp\/v2\/types\/page"}],"author":[{"embeddable":true,"href":"https:\/\/joannanyboe.dk\/en\/wp-json\/wp\/v2\/users\/1"}],"replies":[{"embeddable":true,"href":"https:\/\/joannanyboe.dk\/en\/wp-json\/wp\/v2\/comments?post=20"}],"version-history":[{"count":110,"href":"https:\/\/joannanyboe.dk\/en\/wp-json\/wp\/v2\/pages\/20\/revisions"}],"predecessor-version":[{"id":1003,"href":"https:\/\/joannanyboe.dk\/en\/wp-json\/wp\/v2\/pages\/20\/revisions\/1003"}],"wp:attachment":[{"href":"https:\/\/joannanyboe.dk\/en\/wp-json\/wp\/v2\/media?parent=20"}],"curies":[{"name":"wp","href":"https:\/\/api.w.org\/{rel}","templated":true}]}}